{"id":11,"date":"2013-08-02T19:02:46","date_gmt":"2013-08-02T19:02:46","guid":{"rendered":"http:\/\/xn--mdling-wxa.at\/?page_id=11"},"modified":"2013-08-02T19:02:46","modified_gmt":"2013-08-02T19:02:46","slug":"modling","status":"publish","type":"page","link":"http:\/\/xn--mdling-wxa.at\/?page_id=11","title":{"rendered":"M\u00f6dling"},"content":{"rendered":"<p><b>M\u00f6dling<\/b> ist die Bezirkshauptstadt des gleichnamigen Bezirks <b>M\u00f6dling<\/b>.<\/p>\n<p>Die Babenbergerstadt wird auch oft als die \u201ePerle des Wienerwalds\u201c bezeichnet.<\/p>\n<p>An den H\u00e4ngen des Wienerwald gelegen, und Bestandteil des Naturpark F\u00f6hrenberge, ist M\u00f6dling eine Gemeinde die zu gro\u00dfen Teilen von Wald bedeckt ist.<\/p>\n","protected":false},"excerpt":{"rendered":"<p>M\u00f6dling ist die Bezirkshauptstadt des gleichnamigen Bezirks M\u00f6dling. Die Babenbergerstadt wird auch oft als die \u201ePerle des Wienerwalds\u201c bezeichnet. An den H\u00e4ngen des Wienerwald gelegen, und Bestandteil des Naturpark F\u00f6hrenberge, ist M\u00f6dling eine Gemeinde die zu gro\u00dfen Teilen von Wald &hellip; <a href=\"http:\/\/xn--mdling-wxa.at\/?page_id=11\">Weiterlesen <span class=\"meta-nav\">&rarr;<\/span><\/a><\/p>\n","protected":false},"author":1,"featured_media":0,"parent":0,"menu_order":0,"comment_status":"open","ping_status":"open","template":"","meta":{"footnotes":""},"class_list":["post-11","page","type-page","status-publish","hentry"],"_links":{"self":[{"href":"http:\/\/xn--mdling-wxa.at\/index.php?rest_route=\/wp\/v2\/pages\/11","targetHints":{"allow":["GET"]}}],"collection":[{"href":"http:\/\/xn--mdling-wxa.at\/index.php?rest_route=\/wp\/v2\/pages"}],"about":[{"href":"http:\/\/xn--mdling-wxa.at\/index.php?rest_route=\/wp\/v2\/types\/page"}],"author":[{"embeddable":true,"href":"http:\/\/xn--mdling-wxa.at\/index.php?rest_route=\/wp\/v2\/users\/1"}],"replies":[{"embeddable":true,"href":"http:\/\/xn--mdling-wxa.at\/index.php?rest_route=%2Fwp%2Fv2%2Fcomments&post=11"}],"version-history":[{"count":1,"href":"http:\/\/xn--mdling-wxa.at\/index.php?rest_route=\/wp\/v2\/pages\/11\/revisions"}],"predecessor-version":[{"id":12,"href":"http:\/\/xn--mdling-wxa.at\/index.php?rest_route=\/wp\/v2\/pages\/11\/revisions\/12"}],"wp:attachment":[{"href":"http:\/\/xn--mdling-wxa.at\/index.php?rest_route=%2Fwp%2Fv2%2Fmedia&parent=11"}],"curies":[{"name":"wp","href":"https:\/\/api.w.org\/{rel}","templated":true}]}}