{"id":125,"date":"2018-01-10T11:17:54","date_gmt":"2018-01-10T09:17:54","guid":{"rendered":"http:\/\/xn--mdling-wxa.at\/?page_id=125"},"modified":"2018-01-10T11:17:54","modified_gmt":"2018-01-10T09:17:54","slug":"links","status":"publish","type":"page","link":"http:\/\/xn--mdling-wxa.at\/?page_id=125","title":{"rendered":"Links"},"content":{"rendered":"<h2><a href=\"http:\/\/a1container.at\/\" target=\"_blank\" rel=\"noopener\">A1 Container Austria<\/a><\/h2>\n<p>\u00d6sterreichischer Containerh\u00e4ndler mit gro\u00dfem Mietpark. Spezialisiert auf Modulbau und Sonderanfertigungen.<\/p>\n<h2><a href=\"http:\/\/www.containermarkt.at\/\" target=\"_blank\" rel=\"noopener\">Containermarkt<\/a><\/h2>\n<p>Informationsportal zum Thema Container.<\/p>\n","protected":false},"excerpt":{"rendered":"<p>A1 Container Austria \u00d6sterreichischer Containerh\u00e4ndler mit gro\u00dfem Mietpark. Spezialisiert auf Modulbau und Sonderanfertigungen. Containermarkt Informationsportal zum Thema Container.<\/p>\n","protected":false},"author":1,"featured_media":0,"parent":0,"menu_order":0,"comment_status":"closed","ping_status":"closed","template":"","meta":{"footnotes":""},"class_list":["post-125","page","type-page","status-publish","hentry"],"_links":{"self":[{"href":"http:\/\/xn--mdling-wxa.at\/index.php?rest_route=\/wp\/v2\/pages\/125","targetHints":{"allow":["GET"]}}],"collection":[{"href":"http:\/\/xn--mdling-wxa.at\/index.php?rest_route=\/wp\/v2\/pages"}],"about":[{"href":"http:\/\/xn--mdling-wxa.at\/index.php?rest_route=\/wp\/v2\/types\/page"}],"author":[{"embeddable":true,"href":"http:\/\/xn--mdling-wxa.at\/index.php?rest_route=\/wp\/v2\/users\/1"}],"replies":[{"embeddable":true,"href":"http:\/\/xn--mdling-wxa.at\/index.php?rest_route=%2Fwp%2Fv2%2Fcomments&post=125"}],"version-history":[{"count":1,"href":"http:\/\/xn--mdling-wxa.at\/index.php?rest_route=\/wp\/v2\/pages\/125\/revisions"}],"predecessor-version":[{"id":126,"href":"http:\/\/xn--mdling-wxa.at\/index.php?rest_route=\/wp\/v2\/pages\/125\/revisions\/126"}],"wp:attachment":[{"href":"http:\/\/xn--mdling-wxa.at\/index.php?rest_route=%2Fwp%2Fv2%2Fmedia&parent=125"}],"curies":[{"name":"wp","href":"https:\/\/api.w.org\/{rel}","templated":true}]}}