{"id":16,"date":"2013-08-02T19:04:45","date_gmt":"2013-08-02T19:04:45","guid":{"rendered":"http:\/\/xn--mdling-wxa.at\/?page_id=16"},"modified":"2013-08-02T19:04:45","modified_gmt":"2013-08-02T19:04:45","slug":"bh-modling","status":"publish","type":"page","link":"http:\/\/xn--mdling-wxa.at\/?page_id=16","title":{"rendered":"BH M\u00f6dling"},"content":{"rendered":"<p>Bezirkshauptmannschaft M\u00f6dling<\/p>\n<p>Bezirkshauptmann: Dr. Philipp Enzinger<\/p>\n<p>Adresse: 2340 M\u00f6dling, Bahnstra\u00dfe 2<\/p>\n<p>Telefon: 02236 \/ 9025-0<\/p>\n<p>Fax: 02236 \/ 9025-34000<\/p>\n<p>E-Mail: &#112;&#x6f;&#x73;&#116;&#x2e;&#x62;h&#x6d;&#x64;&#64;&#110;&#x6f;e&#108;&#x2e;g&#118;&#x2e;a&#116;<\/p>\n<p>&nbsp;<\/p>\n<p>Parteienverkehr:<\/p>\n<p>f\u00fcr pers\u00f6nliche Vorsprachen<\/p>\n<p>Dienstag 7.30 &#8211; 12 und 16 &#8211; 19 Uhr, Freitag 7.30 &#8211; 12 Uhr<\/p>\n<p>Beachten Sie auch die speziellen \u00d6ffnungszeiten des B\u00fcrgerb\u00fcro<\/p>\n<p>&nbsp;<\/p>\n<p>Amtsstunden:<\/p>\n<p>zur Entgegennahme schriftlicher Eingaben<\/p>\n<p>Montag &#8211; Donnerstag 7.30 &#8211; 15.30 Uhr<\/p>\n<p>Dienstag 7.30 &#8211; 19 Uhr, Freitag 7.30 &#8211; 13 Uhr<\/p>\n<p>&nbsp;<\/p>\n<p>www.noel.gv.at\/Bezirke\/BH-Moedling.html<\/p>\n","protected":false},"excerpt":{"rendered":"<p>Bezirkshauptmannschaft M\u00f6dling Bezirkshauptmann: Dr. Philipp Enzinger Adresse: 2340 M\u00f6dling, Bahnstra\u00dfe 2 Telefon: 02236 \/ 9025-0 Fax: 02236 \/ 9025-34000 E-Mail: &#112;&#x6f;&#x73;t&#46;&#x62;&#x68;m&#100;&#x40;n&#111;&#x65;&#x6c;&#46;&#103;&#x76;&#46;&#97;&#x74; &nbsp; Parteienverkehr: f\u00fcr pers\u00f6nliche Vorsprachen Dienstag 7.30 &#8211; 12 und 16 &#8211; 19 Uhr, Freitag 7.30 &#8211; 12 Uhr &hellip; <a href=\"http:\/\/xn--mdling-wxa.at\/?page_id=16\">Weiterlesen <span class=\"meta-nav\">&rarr;<\/span><\/a><\/p>\n","protected":false},"author":1,"featured_media":0,"parent":11,"menu_order":0,"comment_status":"open","ping_status":"open","template":"","meta":{"footnotes":""},"class_list":["post-16","page","type-page","status-publish","hentry"],"_links":{"self":[{"href":"http:\/\/xn--mdling-wxa.at\/index.php?rest_route=\/wp\/v2\/pages\/16","targetHints":{"allow":["GET"]}}],"collection":[{"href":"http:\/\/xn--mdling-wxa.at\/index.php?rest_route=\/wp\/v2\/pages"}],"about":[{"href":"http:\/\/xn--mdling-wxa.at\/index.php?rest_route=\/wp\/v2\/types\/page"}],"author":[{"embeddable":true,"href":"http:\/\/xn--mdling-wxa.at\/index.php?rest_route=\/wp\/v2\/users\/1"}],"replies":[{"embeddable":true,"href":"http:\/\/xn--mdling-wxa.at\/index.php?rest_route=%2Fwp%2Fv2%2Fcomments&post=16"}],"version-history":[{"count":1,"href":"http:\/\/xn--mdling-wxa.at\/index.php?rest_route=\/wp\/v2\/pages\/16\/revisions"}],"predecessor-version":[{"id":17,"href":"http:\/\/xn--mdling-wxa.at\/index.php?rest_route=\/wp\/v2\/pages\/16\/revisions\/17"}],"up":[{"embeddable":true,"href":"http:\/\/xn--mdling-wxa.at\/index.php?rest_route=\/wp\/v2\/pages\/11"}],"wp:attachment":[{"href":"http:\/\/xn--mdling-wxa.at\/index.php?rest_route=%2Fwp%2Fv2%2Fmedia&parent=16"}],"curies":[{"name":"wp","href":"https:\/\/api.w.org\/{rel}","templated":true}]}}