{"id":19,"date":"2013-08-02T19:19:28","date_gmt":"2013-08-02T19:19:28","guid":{"rendered":"http:\/\/xn--mdling-wxa.at\/?page_id=19"},"modified":"2013-08-02T19:19:28","modified_gmt":"2013-08-02T19:19:28","slug":"gemeinden","status":"publish","type":"page","link":"http:\/\/xn--mdling-wxa.at\/?page_id=19","title":{"rendered":"Gemeinden"},"content":{"rendered":"<p>Eine \u00dcbersicht der Gemeinden im Bezirk M\u00f6dling.<\/p>\n<p>&nbsp;<\/p>\n<ul>\n<li>\u25e6 Achau<\/li>\n<li>Biedermannsdorf<\/li>\n<li>Breitenfurt bei Wien<\/li>\n<li>Brunn am Gebirge<\/li>\n<li>Gaaden<\/li>\n<li>Gie\u00dfh\u00fcbl<\/li>\n<li>Gumpoldskirchen<\/li>\n<li>Guntramsdorf<\/li>\n<li>Hennersdorf<\/li>\n<li>Hinterbr\u00fchl<\/li>\n<li>Kaltenleutgeben<\/li>\n<li>Laab im Walde<\/li>\n<li>Laxenburg<\/li>\n<li>Maria Enzersdorf<\/li>\n<li>M\u00f6dling<\/li>\n<li>M\u00fcnchendorf<\/li>\n<li>Perchtoldsdorf<\/li>\n<li>V\u00f6sendorf<\/li>\n<li>Wiener Neudorf<\/li>\n<li>Wienerwald<\/li>\n<li><\/li>\n<\/ul>\n","protected":false},"excerpt":{"rendered":"<p>Eine \u00dcbersicht der Gemeinden im Bezirk M\u00f6dling. &nbsp; \u25e6 Achau Biedermannsdorf Breitenfurt bei Wien Brunn am Gebirge Gaaden Gie\u00dfh\u00fcbl Gumpoldskirchen Guntramsdorf Hennersdorf Hinterbr\u00fchl Kaltenleutgeben Laab im Walde Laxenburg Maria Enzersdorf M\u00f6dling M\u00fcnchendorf Perchtoldsdorf V\u00f6sendorf Wiener Neudorf Wienerwald<\/p>\n","protected":false},"author":1,"featured_media":0,"parent":0,"menu_order":0,"comment_status":"open","ping_status":"open","template":"","meta":{"footnotes":""},"class_list":["post-19","page","type-page","status-publish","hentry"],"_links":{"self":[{"href":"http:\/\/xn--mdling-wxa.at\/index.php?rest_route=\/wp\/v2\/pages\/19","targetHints":{"allow":["GET"]}}],"collection":[{"href":"http:\/\/xn--mdling-wxa.at\/index.php?rest_route=\/wp\/v2\/pages"}],"about":[{"href":"http:\/\/xn--mdling-wxa.at\/index.php?rest_route=\/wp\/v2\/types\/page"}],"author":[{"embeddable":true,"href":"http:\/\/xn--mdling-wxa.at\/index.php?rest_route=\/wp\/v2\/users\/1"}],"replies":[{"embeddable":true,"href":"http:\/\/xn--mdling-wxa.at\/index.php?rest_route=%2Fwp%2Fv2%2Fcomments&post=19"}],"version-history":[{"count":2,"href":"http:\/\/xn--mdling-wxa.at\/index.php?rest_route=\/wp\/v2\/pages\/19\/revisions"}],"predecessor-version":[{"id":21,"href":"http:\/\/xn--mdling-wxa.at\/index.php?rest_route=\/wp\/v2\/pages\/19\/revisions\/21"}],"wp:attachment":[{"href":"http:\/\/xn--mdling-wxa.at\/index.php?rest_route=%2Fwp%2Fv2%2Fmedia&parent=19"}],"curies":[{"name":"wp","href":"https:\/\/api.w.org\/{rel}","templated":true}]}}