{"id":22,"date":"2013-08-02T19:51:06","date_gmt":"2013-08-02T19:51:06","guid":{"rendered":"http:\/\/xn--mdling-wxa.at\/?page_id=22"},"modified":"2013-08-03T21:18:01","modified_gmt":"2013-08-03T19:18:01","slug":"achau","status":"publish","type":"page","link":"http:\/\/xn--mdling-wxa.at\/?page_id=22","title":{"rendered":"Achau"},"content":{"rendered":"<p>Am \u00f6stlichen Rand des Bezirks <b>M\u00f6dling<\/b>.\u00a0Hier m\u00fcndet der M\u00f6dlingbach in die Schwechat.<\/p>\n<p>Gemeinde Achau<\/p>\n<p>Hauptstra\u00dfe 23,\u00a02481 Achau<\/p>\n<p>Telefon: 02236\/71583<\/p>\n<p>Telefax: 02236\/71583-33<\/p>\n<p>Internet: <a href=\"http:\/\/www.achau.gv.at\" target=\"_blank\">www.achau.gv.at<\/a><\/p>\n<p><strong>Amtsstunden &#8211;\u00a0Parteienverkehr:<\/strong><\/p>\n<p>Dienstag: 8:00 &#8211; 11:00 Uhr und 13:00 &#8211; 16:00 Uhr<\/p>\n<p>Freitag: 8:00 &#8211; 11:00 Uhr und 13:00 &#8211; 15:00 Uhr<\/p>\n<p><strong>Statistik Achau &#8211; Bezirk M\u00f6dling<\/strong><\/p>\n<p>Die Katasterfl\u00e4che betr\u00e4gt 1.186 Hektar, der Anteil der Waldfl\u00e4che betr\u00e4gt 0 %.<\/p>\n<p>Seeh\u00f6he des Ortes: 172 m<\/p>\n<p>Wohnbev\u00f6lkerung 2011: 1.239<\/p>\n<p>Wohnbev\u00f6lkerung nach Alter 2011:<\/p>\n<ul>\n<li>bis unter 15 Jahre m\u00e4nnlich: 115<\/li>\n<li>bis unter 15 Jahre weiblich: 76<\/li>\n<li>15 bis unter 60 Jahre m\u00e4nnlich: 385<\/li>\n<li>15 bis unter 60 Jahre weiblich: 400<\/li>\n<li>60 Jahre und \u00e4lter m\u00e4nnlich: 125<\/li>\n<li>60 Jahre und \u00e4lter weiblich: 138<\/li>\n<\/ul>\n<p>Quelle: Nieder\u00f6sterreichische Landesregierung &#8211; www.noel.gv.at<\/p>\n","protected":false},"excerpt":{"rendered":"<p>Am \u00f6stlichen Rand des Bezirks M\u00f6dling.\u00a0Hier m\u00fcndet der M\u00f6dlingbach in die Schwechat. Gemeinde Achau Hauptstra\u00dfe 23,\u00a02481 Achau Telefon: 02236\/71583 Telefax: 02236\/71583-33 Internet: www.achau.gv.at Amtsstunden &#8211;\u00a0Parteienverkehr: Dienstag: 8:00 &#8211; 11:00 Uhr und 13:00 &#8211; 16:00 Uhr Freitag: 8:00 &#8211; 11:00 Uhr &hellip; <a href=\"http:\/\/xn--mdling-wxa.at\/?page_id=22\">Weiterlesen <span class=\"meta-nav\">&rarr;<\/span><\/a><\/p>\n","protected":false},"author":1,"featured_media":0,"parent":19,"menu_order":0,"comment_status":"open","ping_status":"open","template":"","meta":{"footnotes":""},"class_list":["post-22","page","type-page","status-publish","hentry"],"_links":{"self":[{"href":"http:\/\/xn--mdling-wxa.at\/index.php?rest_route=\/wp\/v2\/pages\/22","targetHints":{"allow":["GET"]}}],"collection":[{"href":"http:\/\/xn--mdling-wxa.at\/index.php?rest_route=\/wp\/v2\/pages"}],"about":[{"href":"http:\/\/xn--mdling-wxa.at\/index.php?rest_route=\/wp\/v2\/types\/page"}],"author":[{"embeddable":true,"href":"http:\/\/xn--mdling-wxa.at\/index.php?rest_route=\/wp\/v2\/users\/1"}],"replies":[{"embeddable":true,"href":"http:\/\/xn--mdling-wxa.at\/index.php?rest_route=%2Fwp%2Fv2%2Fcomments&post=22"}],"version-history":[{"count":4,"href":"http:\/\/xn--mdling-wxa.at\/index.php?rest_route=\/wp\/v2\/pages\/22\/revisions"}],"predecessor-version":[{"id":116,"href":"http:\/\/xn--mdling-wxa.at\/index.php?rest_route=\/wp\/v2\/pages\/22\/revisions\/116"}],"up":[{"embeddable":true,"href":"http:\/\/xn--mdling-wxa.at\/index.php?rest_route=\/wp\/v2\/pages\/19"}],"wp:attachment":[{"href":"http:\/\/xn--mdling-wxa.at\/index.php?rest_route=%2Fwp%2Fv2%2Fmedia&parent=22"}],"curies":[{"name":"wp","href":"https:\/\/api.w.org\/{rel}","templated":true}]}}