{"id":32,"date":"2013-08-03T11:58:44","date_gmt":"2013-08-03T11:58:44","guid":{"rendered":"http:\/\/xn--mdling-wxa.at\/?page_id=32"},"modified":"2013-08-03T12:05:25","modified_gmt":"2013-08-03T12:05:25","slug":"biedermannsdorf","status":"publish","type":"page","link":"http:\/\/xn--mdling-wxa.at\/?page_id=32","title":{"rendered":"Biedermannsdorf"},"content":{"rendered":"<p>Biedermannsdorf ist eine Marktgemeinde \u00f6stlich von <b>M\u00f6dling<\/b> und s\u00fcdlich von Wien.<\/p>\n<p><strong>Marktgemeinde Biedermannsdorf<\/strong><\/p>\n<p>Ortsstra\u00dfe 46, 2362 Biedermannsdorf<\/p>\n<p>Telefon 02236\/71131<\/p>\n<p>Telefax 02236\/71131 85<\/p>\n<p>Internet: <a href=\"http:\/\/www.biedermannsdorf.at\">www.biedermannsdorf.at<\/a><\/p>\n<p><em>\u00d6ffnungszeiten Gemeindeamt<\/em><\/p>\n<ul>\n<li>Mo 07:00-12:00<\/li>\n<li>Di 07:30-12:00<\/li>\n<li>Mi 07:30-12:00<\/li>\n<li>Do 08:00-12:00 und 14:00-19:00<\/li>\n<li>Fr 07:30-12:00<\/li>\n<\/ul>\n<p><strong>Statistik Biedermannsdorf &#8211; Bezirk M\u00f6dling<\/strong><\/p>\n<p>Die Katasterfl\u00e4che betr\u00e4gt 893 Hektar, der Anteil der Waldfl\u00e4che betr\u00e4gt 3 %.<\/p>\n<p>Seeh\u00f6he des Ortes: 185 m<\/p>\n<p>Wohnbev\u00f6lkerung 2011: 2.859<\/p>\n<p><em>Wohnbev\u00f6lkerung nach Alter 2011:<\/em><\/p>\n<ul>\n<li>bis unter 15 Jahre m\u00e4nnlich: 194<\/li>\n<li>bis unter 15 Jahre weiblich: 183<\/li>\n<li>15 bis unter 60 Jahre m\u00e4nnlich: 859<\/li>\n<li>15 bis unter 60 Jahre weiblich: 916<\/li>\n<li>60 Jahre und \u00e4lter m\u00e4nnlich: 349<\/li>\n<li>60 Jahre und \u00e4lter weiblich: 358<\/li>\n<\/ul>\n<p>Quelle: Nieder\u00f6sterreichische Landesregierung &#8211; <a href=\"http:\/\/www.noel.gv.at\">www.noel.gv.at<\/a><\/p>\n<p><span style=\"font-size: medium;\"><span style=\"line-height: 24px;\">\u00a0<\/span><\/span><\/p>\n","protected":false},"excerpt":{"rendered":"<p>Biedermannsdorf ist eine Marktgemeinde \u00f6stlich von M\u00f6dling und s\u00fcdlich von Wien. Marktgemeinde Biedermannsdorf Ortsstra\u00dfe 46, 2362 Biedermannsdorf Telefon 02236\/71131 Telefax 02236\/71131 85 Internet: www.biedermannsdorf.at \u00d6ffnungszeiten Gemeindeamt Mo 07:00-12:00 Di 07:30-12:00 Mi 07:30-12:00 Do 08:00-12:00 und 14:00-19:00 Fr 07:30-12:00 Statistik Biedermannsdorf &hellip; <a href=\"http:\/\/xn--mdling-wxa.at\/?page_id=32\">Weiterlesen <span class=\"meta-nav\">&rarr;<\/span><\/a><\/p>\n","protected":false},"author":1,"featured_media":0,"parent":19,"menu_order":0,"comment_status":"open","ping_status":"open","template":"","meta":{"footnotes":""},"class_list":["post-32","page","type-page","status-publish","hentry"],"_links":{"self":[{"href":"http:\/\/xn--mdling-wxa.at\/index.php?rest_route=\/wp\/v2\/pages\/32","targetHints":{"allow":["GET"]}}],"collection":[{"href":"http:\/\/xn--mdling-wxa.at\/index.php?rest_route=\/wp\/v2\/pages"}],"about":[{"href":"http:\/\/xn--mdling-wxa.at\/index.php?rest_route=\/wp\/v2\/types\/page"}],"author":[{"embeddable":true,"href":"http:\/\/xn--mdling-wxa.at\/index.php?rest_route=\/wp\/v2\/users\/1"}],"replies":[{"embeddable":true,"href":"http:\/\/xn--mdling-wxa.at\/index.php?rest_route=%2Fwp%2Fv2%2Fcomments&post=32"}],"version-history":[{"count":4,"href":"http:\/\/xn--mdling-wxa.at\/index.php?rest_route=\/wp\/v2\/pages\/32\/revisions"}],"predecessor-version":[{"id":36,"href":"http:\/\/xn--mdling-wxa.at\/index.php?rest_route=\/wp\/v2\/pages\/32\/revisions\/36"}],"up":[{"embeddable":true,"href":"http:\/\/xn--mdling-wxa.at\/index.php?rest_route=\/wp\/v2\/pages\/19"}],"wp:attachment":[{"href":"http:\/\/xn--mdling-wxa.at\/index.php?rest_route=%2Fwp%2Fv2%2Fmedia&parent=32"}],"curies":[{"name":"wp","href":"https:\/\/api.w.org\/{rel}","templated":true}]}}