{"id":43,"date":"2013-08-03T12:21:38","date_gmt":"2013-08-03T12:21:38","guid":{"rendered":"http:\/\/xn--mdling-wxa.at\/?page_id=43"},"modified":"2013-08-03T12:22:25","modified_gmt":"2013-08-03T12:22:25","slug":"gaaden","status":"publish","type":"page","link":"http:\/\/xn--mdling-wxa.at\/?page_id=43","title":{"rendered":"Gaaden"},"content":{"rendered":"<p>Die Gemeinde Gaaden liegt s\u00fcdwestlich von M\u00f6dling.<\/p>\n<p><strong>Gemeindeamt Gaaden<\/strong><\/p>\n<p>Hauptstra\u00dfe 29<\/p>\n<p>A-2531 Gaaden<\/p>\n<p>Telefon: 02237\/7203 02237\/8130<\/p>\n<p>Telefax: 02237\/7203 &#8211; 42<\/p>\n<p><a href=\"http:\/\/www.gaaden.at\">www.gaaden.at<\/a><\/p>\n<p><em>Statistik Gaaden &#8211; Bezirk M\u00f6dling\u00a0<\/em><\/p>\n<p>Die Katasterfl\u00e4che betr\u00e4gt 2.488 Hektar, der Anteil der Waldfl\u00e4che betr\u00e4gt 80 %.<\/p>\n<p>Seeh\u00f6he des Ortes: 323 m<\/p>\n<p>Wohnbev\u00f6lkerung 2011: 1.613<\/p>\n<p>Wohnbev\u00f6lkerung nach Alter 2011:<\/p>\n<ul>\n<li>bis unter 15 Jahre m\u00e4nnlich: 149<\/li>\n<li>bis unter 15 Jahre weiblich: 132<\/li>\n<li>15 bis unter 60 Jahre m\u00e4nnlich: 500<\/li>\n<li>15 bis unter 60 Jahre weiblich: 511<\/li>\n<li>60 Jahre und \u00e4lter m\u00e4nnlich: 151<\/li>\n<li>60 Jahre und \u00e4lter weiblich: 170<\/li>\n<\/ul>\n<p>Quelle: Nieder\u00f6sterreichische Landesregierung &#8211; <a href=\"http:\/\/www.noel.gv.at\">www.noel.gv.at<\/a><\/p>\n","protected":false},"excerpt":{"rendered":"<p>Die Gemeinde Gaaden liegt s\u00fcdwestlich von M\u00f6dling. Gemeindeamt Gaaden Hauptstra\u00dfe 29 A-2531 Gaaden Telefon: 02237\/7203 02237\/8130 Telefax: 02237\/7203 &#8211; 42 www.gaaden.at Statistik Gaaden &#8211; Bezirk M\u00f6dling\u00a0 Die Katasterfl\u00e4che betr\u00e4gt 2.488 Hektar, der Anteil der Waldfl\u00e4che betr\u00e4gt 80 %. Seeh\u00f6he des &hellip; <a href=\"http:\/\/xn--mdling-wxa.at\/?page_id=43\">Weiterlesen <span class=\"meta-nav\">&rarr;<\/span><\/a><\/p>\n","protected":false},"author":1,"featured_media":0,"parent":19,"menu_order":0,"comment_status":"open","ping_status":"open","template":"","meta":{"footnotes":""},"class_list":["post-43","page","type-page","status-publish","hentry"],"_links":{"self":[{"href":"http:\/\/xn--mdling-wxa.at\/index.php?rest_route=\/wp\/v2\/pages\/43","targetHints":{"allow":["GET"]}}],"collection":[{"href":"http:\/\/xn--mdling-wxa.at\/index.php?rest_route=\/wp\/v2\/pages"}],"about":[{"href":"http:\/\/xn--mdling-wxa.at\/index.php?rest_route=\/wp\/v2\/types\/page"}],"author":[{"embeddable":true,"href":"http:\/\/xn--mdling-wxa.at\/index.php?rest_route=\/wp\/v2\/users\/1"}],"replies":[{"embeddable":true,"href":"http:\/\/xn--mdling-wxa.at\/index.php?rest_route=%2Fwp%2Fv2%2Fcomments&post=43"}],"version-history":[{"count":4,"href":"http:\/\/xn--mdling-wxa.at\/index.php?rest_route=\/wp\/v2\/pages\/43\/revisions"}],"predecessor-version":[{"id":48,"href":"http:\/\/xn--mdling-wxa.at\/index.php?rest_route=\/wp\/v2\/pages\/43\/revisions\/48"}],"up":[{"embeddable":true,"href":"http:\/\/xn--mdling-wxa.at\/index.php?rest_route=\/wp\/v2\/pages\/19"}],"wp:attachment":[{"href":"http:\/\/xn--mdling-wxa.at\/index.php?rest_route=%2Fwp%2Fv2%2Fmedia&parent=43"}],"curies":[{"name":"wp","href":"https:\/\/api.w.org\/{rel}","templated":true}]}}