{"id":49,"date":"2013-08-03T14:27:08","date_gmt":"2013-08-03T12:27:08","guid":{"rendered":"http:\/\/xn--mdling-wxa.at\/?page_id=49"},"modified":"2013-08-03T14:27:08","modified_gmt":"2013-08-03T12:27:08","slug":"gieshubl","status":"publish","type":"page","link":"http:\/\/xn--mdling-wxa.at\/?page_id=49","title":{"rendered":"Gie\u00dfh\u00fcbl"},"content":{"rendered":"<p>Gie\u00dfh\u00fcbl ist der h\u00f6chstgelegene Weinort \u00d6sterreichs und liegt im Nordwesten von <b>M\u00f6dling<\/b>.<\/p>\n<p><strong>Gemeindeamt Gie\u00dfh\u00fcbl<\/strong><\/p>\n<p>Hauptstra\u00dfe 73<\/p>\n<p>2372 Gie\u00dfh\u00fcbl<\/p>\n<p>Telefon 02236-26464<\/p>\n<p>Telefax 02236-26464-33<\/p>\n<p><a href=\"http:\/\/www.giesshuebl.noe.gv.at\">www.giesshuebl.noe.gv.at<\/a><\/p>\n<p><em>Statistik Gie\u00dfh\u00fcbl &#8211; Bezirk M\u00f6dling<\/em><\/p>\n<p>Die Katasterfl\u00e4che betr\u00e4gt 390 Hektar, der Anteil der Waldfl\u00e4che betr\u00e4gt 47 %.<\/p>\n<p>Seeh\u00f6he des Ortes: 416 m<\/p>\n<p>Wohnbev\u00f6lkerung 2011: 2.111<\/p>\n<p>Wohnbev\u00f6lkerung nach Alter 2011:<\/p>\n<ul>\n<li>bis unter 15 Jahre m\u00e4nnlich: 220<\/li>\n<li>bis unter 15 Jahre weiblich: 189<\/li>\n<li>15 bis unter 60 Jahre m\u00e4nnlich: 590<\/li>\n<li>15 bis unter 60 Jahre weiblich: 632<\/li>\n<li>60 Jahre und \u00e4lter m\u00e4nnlich: 231<\/li>\n<li>60 Jahre und \u00e4lter weiblich: 249<\/li>\n<\/ul>\n<p>Quelle: Nieder\u00f6sterreichische Landesregierung &#8211; <a href=\"http:\/\/www.noel.gv.at\">www.noel.gv.at<\/a><\/p>\n","protected":false},"excerpt":{"rendered":"<p>Gie\u00dfh\u00fcbl ist der h\u00f6chstgelegene Weinort \u00d6sterreichs und liegt im Nordwesten von M\u00f6dling. Gemeindeamt Gie\u00dfh\u00fcbl Hauptstra\u00dfe 73 2372 Gie\u00dfh\u00fcbl Telefon 02236-26464 Telefax 02236-26464-33 www.giesshuebl.noe.gv.at Statistik Gie\u00dfh\u00fcbl &#8211; Bezirk M\u00f6dling Die Katasterfl\u00e4che betr\u00e4gt 390 Hektar, der Anteil der Waldfl\u00e4che betr\u00e4gt 47 %. &hellip; <a href=\"http:\/\/xn--mdling-wxa.at\/?page_id=49\">Weiterlesen <span class=\"meta-nav\">&rarr;<\/span><\/a><\/p>\n","protected":false},"author":1,"featured_media":0,"parent":19,"menu_order":0,"comment_status":"open","ping_status":"open","template":"","meta":{"footnotes":""},"class_list":["post-49","page","type-page","status-publish","hentry"],"_links":{"self":[{"href":"http:\/\/xn--mdling-wxa.at\/index.php?rest_route=\/wp\/v2\/pages\/49","targetHints":{"allow":["GET"]}}],"collection":[{"href":"http:\/\/xn--mdling-wxa.at\/index.php?rest_route=\/wp\/v2\/pages"}],"about":[{"href":"http:\/\/xn--mdling-wxa.at\/index.php?rest_route=\/wp\/v2\/types\/page"}],"author":[{"embeddable":true,"href":"http:\/\/xn--mdling-wxa.at\/index.php?rest_route=\/wp\/v2\/users\/1"}],"replies":[{"embeddable":true,"href":"http:\/\/xn--mdling-wxa.at\/index.php?rest_route=%2Fwp%2Fv2%2Fcomments&post=49"}],"version-history":[{"count":2,"href":"http:\/\/xn--mdling-wxa.at\/index.php?rest_route=\/wp\/v2\/pages\/49\/revisions"}],"predecessor-version":[{"id":51,"href":"http:\/\/xn--mdling-wxa.at\/index.php?rest_route=\/wp\/v2\/pages\/49\/revisions\/51"}],"up":[{"embeddable":true,"href":"http:\/\/xn--mdling-wxa.at\/index.php?rest_route=\/wp\/v2\/pages\/19"}],"wp:attachment":[{"href":"http:\/\/xn--mdling-wxa.at\/index.php?rest_route=%2Fwp%2Fv2%2Fmedia&parent=49"}],"curies":[{"name":"wp","href":"https:\/\/api.w.org\/{rel}","templated":true}]}}