{"id":52,"date":"2013-08-03T14:29:14","date_gmt":"2013-08-03T12:29:14","guid":{"rendered":"http:\/\/xn--mdling-wxa.at\/?page_id=52"},"modified":"2013-08-03T14:29:14","modified_gmt":"2013-08-03T12:29:14","slug":"gumpoldskirchen","status":"publish","type":"page","link":"http:\/\/xn--mdling-wxa.at\/?page_id=52","title":{"rendered":"Gumpoldskirchen"},"content":{"rendered":"<p>Die Marktgemeinde Gumpoldskirchen ist einer der bekanntesten Weinorte an der nieder\u00f6sterreichischen Thermenlinie im S\u00fcden <b>M\u00f6dlings<\/b>.<\/p>\n<p><strong>Marktgemeinde Gumpoldskirchen<\/strong><\/p>\n<p>Schrannenplatz 1<\/p>\n<p>2352 Gumpoldskirchen<\/p>\n<p>Telefon 02252\/62101<\/p>\n<p>Telefax 02252\/62101 33<\/p>\n<p><a href=\"http:\/\/www.gumpoldskirchen.at\">www.gumpoldskirchen.at<\/a><\/p>\n<p><em>Statistik Gumpoldskirchen &#8211; Bezirk M\u00f6dling<\/em><\/p>\n<p>Die Katasterfl\u00e4che betr\u00e4gt 810 Hektar, der Anteil der Waldfl\u00e4che betr\u00e4gt 21 %.<\/p>\n<p>Seeh\u00f6he des Ortes: 250 m<\/p>\n<p>Wohnbev\u00f6lkerung 2011: 3.450<\/p>\n<p>Wohnbev\u00f6lkerung nach Alter 2011:<\/p>\n<ul>\n<li>bis unter 15 Jahre m\u00e4nnlich: 258<\/li>\n<li>bis unter 15 Jahre weiblich: 269<\/li>\n<li>15 bis unter 60 Jahre m\u00e4nnlich: 996<\/li>\n<li>15 bis unter 60 Jahre weiblich: 1.069<\/li>\n<li>60 Jahre und \u00e4lter m\u00e4nnlich: 375<\/li>\n<li>60 Jahre und \u00e4lter weiblich: 483<\/li>\n<\/ul>\n<p>Quelle: Nieder\u00f6sterreichische Landesregierung &#8211; www.noel.gv.at<\/p>\n<p>&nbsp;<\/p>\n","protected":false},"excerpt":{"rendered":"<p>Die Marktgemeinde Gumpoldskirchen ist einer der bekanntesten Weinorte an der nieder\u00f6sterreichischen Thermenlinie im S\u00fcden M\u00f6dlings. Marktgemeinde Gumpoldskirchen Schrannenplatz 1 2352 Gumpoldskirchen Telefon 02252\/62101 Telefax 02252\/62101 33 www.gumpoldskirchen.at Statistik Gumpoldskirchen &#8211; Bezirk M\u00f6dling Die Katasterfl\u00e4che betr\u00e4gt 810 Hektar, der Anteil der &hellip; <a href=\"http:\/\/xn--mdling-wxa.at\/?page_id=52\">Weiterlesen <span class=\"meta-nav\">&rarr;<\/span><\/a><\/p>\n","protected":false},"author":1,"featured_media":0,"parent":19,"menu_order":0,"comment_status":"open","ping_status":"open","template":"","meta":{"footnotes":""},"class_list":["post-52","page","type-page","status-publish","hentry"],"_links":{"self":[{"href":"http:\/\/xn--mdling-wxa.at\/index.php?rest_route=\/wp\/v2\/pages\/52","targetHints":{"allow":["GET"]}}],"collection":[{"href":"http:\/\/xn--mdling-wxa.at\/index.php?rest_route=\/wp\/v2\/pages"}],"about":[{"href":"http:\/\/xn--mdling-wxa.at\/index.php?rest_route=\/wp\/v2\/types\/page"}],"author":[{"embeddable":true,"href":"http:\/\/xn--mdling-wxa.at\/index.php?rest_route=\/wp\/v2\/users\/1"}],"replies":[{"embeddable":true,"href":"http:\/\/xn--mdling-wxa.at\/index.php?rest_route=%2Fwp%2Fv2%2Fcomments&post=52"}],"version-history":[{"count":2,"href":"http:\/\/xn--mdling-wxa.at\/index.php?rest_route=\/wp\/v2\/pages\/52\/revisions"}],"predecessor-version":[{"id":54,"href":"http:\/\/xn--mdling-wxa.at\/index.php?rest_route=\/wp\/v2\/pages\/52\/revisions\/54"}],"up":[{"embeddable":true,"href":"http:\/\/xn--mdling-wxa.at\/index.php?rest_route=\/wp\/v2\/pages\/19"}],"wp:attachment":[{"href":"http:\/\/xn--mdling-wxa.at\/index.php?rest_route=%2Fwp%2Fv2%2Fmedia&parent=52"}],"curies":[{"name":"wp","href":"https:\/\/api.w.org\/{rel}","templated":true}]}}