{"id":55,"date":"2013-08-03T14:31:28","date_gmt":"2013-08-03T12:31:28","guid":{"rendered":"http:\/\/xn--mdling-wxa.at\/?page_id=55"},"modified":"2013-08-03T14:31:28","modified_gmt":"2013-08-03T12:31:28","slug":"guntramsdorf","status":"publish","type":"page","link":"http:\/\/xn--mdling-wxa.at\/?page_id=55","title":{"rendered":"Guntramsdorf"},"content":{"rendered":"<p>S\u00fcdliche Nachbargemeinde <b>M\u00f6dlings<\/b>.<\/p>\n<p><strong>Rathaus<\/strong><\/p>\n<p>Rathausplatz 1<\/p>\n<p>2353 Guntramsdorf<\/p>\n<p>Telefon 02236 53501\/0<\/p>\n<p>Telefax 02236 53501\/32<\/p>\n<p><a href=\"http:\/\/www.guntramsdorf.at\">www.guntramsdorf.at<\/a><\/p>\n<p><em>Statistik Guntramsdorf &#8211; Bezirk M\u00f6dling<\/em><\/p>\n<p>Die Katasterfl\u00e4che betr\u00e4gt 1.486 Hektar, der Anteil der Waldfl\u00e4che betr\u00e4gt 4 %.<\/p>\n<p>Seeh\u00f6he des Ortes: 193 m<\/p>\n<p>Wohnbev\u00f6lkerung 2011: 8.955<\/p>\n<p>Wohnbev\u00f6lkerung nach Alter 2011:<\/p>\n<ul>\n<li>bis unter 15 Jahre m\u00e4nnlich: 667<\/li>\n<li>bis unter 15 Jahre weiblich: 612<\/li>\n<li>15 bis unter 60 Jahre m\u00e4nnlich: 2.794<\/li>\n<li>15 bis unter 60 Jahre weiblich: 2.863<\/li>\n<li>60 Jahre und \u00e4lter m\u00e4nnlich: 913<\/li>\n<li>60 Jahre und \u00e4lter weiblich: 1.106<\/li>\n<\/ul>\n<p>Quelle: Nieder\u00f6sterreichische Landesregierung &#8211; <a href=\"http:\/\/www.noel.gv.at\">www.noel.gv.at<\/a><\/p>\n","protected":false},"excerpt":{"rendered":"<p>S\u00fcdliche Nachbargemeinde M\u00f6dlings. Rathaus Rathausplatz 1 2353 Guntramsdorf Telefon 02236 53501\/0 Telefax 02236 53501\/32 www.guntramsdorf.at Statistik Guntramsdorf &#8211; Bezirk M\u00f6dling Die Katasterfl\u00e4che betr\u00e4gt 1.486 Hektar, der Anteil der Waldfl\u00e4che betr\u00e4gt 4 %. Seeh\u00f6he des Ortes: 193 m Wohnbev\u00f6lkerung 2011: 8.955 &hellip; <a href=\"http:\/\/xn--mdling-wxa.at\/?page_id=55\">Weiterlesen <span class=\"meta-nav\">&rarr;<\/span><\/a><\/p>\n","protected":false},"author":1,"featured_media":0,"parent":19,"menu_order":0,"comment_status":"open","ping_status":"open","template":"","meta":{"footnotes":""},"class_list":["post-55","page","type-page","status-publish","hentry"],"_links":{"self":[{"href":"http:\/\/xn--mdling-wxa.at\/index.php?rest_route=\/wp\/v2\/pages\/55","targetHints":{"allow":["GET"]}}],"collection":[{"href":"http:\/\/xn--mdling-wxa.at\/index.php?rest_route=\/wp\/v2\/pages"}],"about":[{"href":"http:\/\/xn--mdling-wxa.at\/index.php?rest_route=\/wp\/v2\/types\/page"}],"author":[{"embeddable":true,"href":"http:\/\/xn--mdling-wxa.at\/index.php?rest_route=\/wp\/v2\/users\/1"}],"replies":[{"embeddable":true,"href":"http:\/\/xn--mdling-wxa.at\/index.php?rest_route=%2Fwp%2Fv2%2Fcomments&post=55"}],"version-history":[{"count":3,"href":"http:\/\/xn--mdling-wxa.at\/index.php?rest_route=\/wp\/v2\/pages\/55\/revisions"}],"predecessor-version":[{"id":58,"href":"http:\/\/xn--mdling-wxa.at\/index.php?rest_route=\/wp\/v2\/pages\/55\/revisions\/58"}],"up":[{"embeddable":true,"href":"http:\/\/xn--mdling-wxa.at\/index.php?rest_route=\/wp\/v2\/pages\/19"}],"wp:attachment":[{"href":"http:\/\/xn--mdling-wxa.at\/index.php?rest_route=%2Fwp%2Fv2%2Fmedia&parent=55"}],"curies":[{"name":"wp","href":"https:\/\/api.w.org\/{rel}","templated":true}]}}