{"id":59,"date":"2013-08-03T14:33:44","date_gmt":"2013-08-03T12:33:44","guid":{"rendered":"http:\/\/xn--mdling-wxa.at\/?page_id=59"},"modified":"2013-08-03T14:33:44","modified_gmt":"2013-08-03T12:33:44","slug":"hennersdorf","status":"publish","type":"page","link":"http:\/\/xn--mdling-wxa.at\/?page_id=59","title":{"rendered":"Hennersdorf"},"content":{"rendered":"<p>Hennersdorf liegt nord\u00f6stlich von <b>M\u00f6dling<\/b>.<\/p>\n<p><strong>Gemeinde Hennersdorf<\/strong><\/p>\n<p>Hauptstrasse 29<\/p>\n<p>2332 Hennersdorf<\/p>\n<p><a href=\"http:\/\/www.hennersdorf.at\">www.hennersdorf.at<\/a><\/p>\n<p><em>Statistik Hennersdorf &#8211; Bezirk M\u00f6dling<\/em><\/p>\n<p>Die Katasterfl\u00e4che betr\u00e4gt 548 Hektar, der Anteil der Waldfl\u00e4che betr\u00e4gt 1 %.<\/p>\n<p>Seeh\u00f6he des Ortes: 183 m<\/p>\n<p>Wohnbev\u00f6lkerung 2011: 1.462<\/p>\n<p>Wohnbev\u00f6lkerung nach Alter 2011:<\/p>\n<ul>\n<li>bis unter 15 Jahre m\u00e4nnlich: 98<\/li>\n<li>bis unter 15 Jahre weiblich: 97<\/li>\n<li>15 bis unter 60 Jahre m\u00e4nnlich: 470<\/li>\n<li>15 bis unter 60 Jahre weiblich: 455<\/li>\n<li>60 Jahre und \u00e4lter m\u00e4nnlich: 163<\/li>\n<li>60 Jahre und \u00e4lter weiblich: 179<\/li>\n<\/ul>\n<p>Quelle: Nieder\u00f6sterreichische Landesregierung &#8211; <a href=\"http:\/\/www.noel.gv.at\">www.noel.gv.at<\/a><\/p>\n","protected":false},"excerpt":{"rendered":"<p>Hennersdorf liegt nord\u00f6stlich von M\u00f6dling. Gemeinde Hennersdorf Hauptstrasse 29 2332 Hennersdorf www.hennersdorf.at Statistik Hennersdorf &#8211; Bezirk M\u00f6dling Die Katasterfl\u00e4che betr\u00e4gt 548 Hektar, der Anteil der Waldfl\u00e4che betr\u00e4gt 1 %. Seeh\u00f6he des Ortes: 183 m Wohnbev\u00f6lkerung 2011: 1.462 Wohnbev\u00f6lkerung nach Alter &hellip; <a href=\"http:\/\/xn--mdling-wxa.at\/?page_id=59\">Weiterlesen <span class=\"meta-nav\">&rarr;<\/span><\/a><\/p>\n","protected":false},"author":1,"featured_media":0,"parent":19,"menu_order":0,"comment_status":"open","ping_status":"open","template":"","meta":{"footnotes":""},"class_list":["post-59","page","type-page","status-publish","hentry"],"_links":{"self":[{"href":"http:\/\/xn--mdling-wxa.at\/index.php?rest_route=\/wp\/v2\/pages\/59","targetHints":{"allow":["GET"]}}],"collection":[{"href":"http:\/\/xn--mdling-wxa.at\/index.php?rest_route=\/wp\/v2\/pages"}],"about":[{"href":"http:\/\/xn--mdling-wxa.at\/index.php?rest_route=\/wp\/v2\/types\/page"}],"author":[{"embeddable":true,"href":"http:\/\/xn--mdling-wxa.at\/index.php?rest_route=\/wp\/v2\/users\/1"}],"replies":[{"embeddable":true,"href":"http:\/\/xn--mdling-wxa.at\/index.php?rest_route=%2Fwp%2Fv2%2Fcomments&post=59"}],"version-history":[{"count":2,"href":"http:\/\/xn--mdling-wxa.at\/index.php?rest_route=\/wp\/v2\/pages\/59\/revisions"}],"predecessor-version":[{"id":61,"href":"http:\/\/xn--mdling-wxa.at\/index.php?rest_route=\/wp\/v2\/pages\/59\/revisions\/61"}],"up":[{"embeddable":true,"href":"http:\/\/xn--mdling-wxa.at\/index.php?rest_route=\/wp\/v2\/pages\/19"}],"wp:attachment":[{"href":"http:\/\/xn--mdling-wxa.at\/index.php?rest_route=%2Fwp%2Fv2%2Fmedia&parent=59"}],"curies":[{"name":"wp","href":"https:\/\/api.w.org\/{rel}","templated":true}]}}