{"id":65,"date":"2013-08-03T14:38:45","date_gmt":"2013-08-03T12:38:45","guid":{"rendered":"http:\/\/xn--mdling-wxa.at\/?page_id=65"},"modified":"2013-08-03T14:38:45","modified_gmt":"2013-08-03T12:38:45","slug":"kaltenleutgeben","status":"publish","type":"page","link":"http:\/\/xn--mdling-wxa.at\/?page_id=65","title":{"rendered":"Kaltenleutgeben"},"content":{"rendered":"<p>Die Marktgemeinde Kaltenleutgeben liegt nord\u00f6stlich von <b>M\u00f6dling<\/b>.<\/p>\n<p><strong>Marktgemeinde Kaltenleutgeben<\/strong><\/p>\n<p>Hauptstra\u00dfe 78<\/p>\n<p>2391 Kaltenleutgeben<\/p>\n<p>Telefon 02238\/71213<\/p>\n<p>Telefax 02238\/71213-24<\/p>\n<p><a href=\"http:\/\/www.kaltenleutgeben.gv.at\">www.kaltenleutgeben.gv.at<\/a><\/p>\n<p><em>Statistik Kaltenleutgeben &#8211; Bezirk M\u00f6dling<\/em><\/p>\n<p>Die Katasterfl\u00e4che betr\u00e4gt 1.748 Hektar, der Anteil der Waldfl\u00e4che betr\u00e4gt 73 %.<\/p>\n<p>Seeh\u00f6he des Ortes: 356 m<\/p>\n<p>Wohnbev\u00f6lkerung 2011: 3.357<\/p>\n<p>Wohnbev\u00f6lkerung nach Alter 2011:<\/p>\n<ul>\n<li>bis unter 15 Jahre m\u00e4nnlich: 298<\/li>\n<li>bis unter 15 Jahre weiblich: 256<\/li>\n<li>15 bis unter 60 Jahre m\u00e4nnlich: 983<\/li>\n<li>15 bis unter 60 Jahre weiblich: 1.059<\/li>\n<li>60 Jahre und \u00e4lter m\u00e4nnlich: 346<\/li>\n<li>60 Jahre und \u00e4lter weiblich: 415<\/li>\n<\/ul>\n<p>Quelle: Nieder\u00f6sterreichische Landesregierung &#8211; <a href=\"http:\/\/www.noel.gv.at\">www.noel.gv.at<\/a><\/p>\n","protected":false},"excerpt":{"rendered":"<p>Die Marktgemeinde Kaltenleutgeben liegt nord\u00f6stlich von M\u00f6dling. Marktgemeinde Kaltenleutgeben Hauptstra\u00dfe 78 2391 Kaltenleutgeben Telefon 02238\/71213 Telefax 02238\/71213-24 www.kaltenleutgeben.gv.at Statistik Kaltenleutgeben &#8211; Bezirk M\u00f6dling Die Katasterfl\u00e4che betr\u00e4gt 1.748 Hektar, der Anteil der Waldfl\u00e4che betr\u00e4gt 73 %. Seeh\u00f6he des Ortes: 356 m &hellip; <a href=\"http:\/\/xn--mdling-wxa.at\/?page_id=65\">Weiterlesen <span class=\"meta-nav\">&rarr;<\/span><\/a><\/p>\n","protected":false},"author":1,"featured_media":0,"parent":19,"menu_order":0,"comment_status":"open","ping_status":"open","template":"","meta":{"footnotes":""},"class_list":["post-65","page","type-page","status-publish","hentry"],"_links":{"self":[{"href":"http:\/\/xn--mdling-wxa.at\/index.php?rest_route=\/wp\/v2\/pages\/65","targetHints":{"allow":["GET"]}}],"collection":[{"href":"http:\/\/xn--mdling-wxa.at\/index.php?rest_route=\/wp\/v2\/pages"}],"about":[{"href":"http:\/\/xn--mdling-wxa.at\/index.php?rest_route=\/wp\/v2\/types\/page"}],"author":[{"embeddable":true,"href":"http:\/\/xn--mdling-wxa.at\/index.php?rest_route=\/wp\/v2\/users\/1"}],"replies":[{"embeddable":true,"href":"http:\/\/xn--mdling-wxa.at\/index.php?rest_route=%2Fwp%2Fv2%2Fcomments&post=65"}],"version-history":[{"count":2,"href":"http:\/\/xn--mdling-wxa.at\/index.php?rest_route=\/wp\/v2\/pages\/65\/revisions"}],"predecessor-version":[{"id":67,"href":"http:\/\/xn--mdling-wxa.at\/index.php?rest_route=\/wp\/v2\/pages\/65\/revisions\/67"}],"up":[{"embeddable":true,"href":"http:\/\/xn--mdling-wxa.at\/index.php?rest_route=\/wp\/v2\/pages\/19"}],"wp:attachment":[{"href":"http:\/\/xn--mdling-wxa.at\/index.php?rest_route=%2Fwp%2Fv2%2Fmedia&parent=65"}],"curies":[{"name":"wp","href":"https:\/\/api.w.org\/{rel}","templated":true}]}}