{"id":79,"date":"2013-08-03T15:43:24","date_gmt":"2013-08-03T13:43:24","guid":{"rendered":"http:\/\/xn--mdling-wxa.at\/?page_id=79"},"modified":"2013-08-03T15:43:24","modified_gmt":"2013-08-03T13:43:24","slug":"munchendorf","status":"publish","type":"page","link":"http:\/\/xn--mdling-wxa.at\/?page_id=79","title":{"rendered":"M\u00fcnchendorf"},"content":{"rendered":"<p>Die Gemeinde M\u00fcnchendorf liegt im S\u00fcdosten des Bezirk <b>M\u00f6dling<\/b>.<\/p>\n<p><strong>Gemeinde M\u00fcnchendorf<\/strong><\/p>\n<p>2482 M\u00fcnchendorf<\/p>\n<p>Trumauerstra\u00dfe 1<\/p>\n<p>Telefon 02259\/2213-0<\/p>\n<p>Telefax 02259\/2213-22<\/p>\n<p><a href=\"http:\/\/www.gemeinde-muenchendorf.at\">www.gemeinde-muenchendorf.at<\/a><\/p>\n","protected":false},"excerpt":{"rendered":"<p>Die Gemeinde M\u00fcnchendorf liegt im S\u00fcdosten des Bezirk M\u00f6dling. Gemeinde M\u00fcnchendorf 2482 M\u00fcnchendorf Trumauerstra\u00dfe 1 Telefon 02259\/2213-0 Telefax 02259\/2213-22 www.gemeinde-muenchendorf.at<\/p>\n","protected":false},"author":1,"featured_media":0,"parent":19,"menu_order":0,"comment_status":"open","ping_status":"open","template":"","meta":{"footnotes":""},"class_list":["post-79","page","type-page","status-publish","hentry"],"_links":{"self":[{"href":"http:\/\/xn--mdling-wxa.at\/index.php?rest_route=\/wp\/v2\/pages\/79","targetHints":{"allow":["GET"]}}],"collection":[{"href":"http:\/\/xn--mdling-wxa.at\/index.php?rest_route=\/wp\/v2\/pages"}],"about":[{"href":"http:\/\/xn--mdling-wxa.at\/index.php?rest_route=\/wp\/v2\/types\/page"}],"author":[{"embeddable":true,"href":"http:\/\/xn--mdling-wxa.at\/index.php?rest_route=\/wp\/v2\/users\/1"}],"replies":[{"embeddable":true,"href":"http:\/\/xn--mdling-wxa.at\/index.php?rest_route=%2Fwp%2Fv2%2Fcomments&post=79"}],"version-history":[{"count":2,"href":"http:\/\/xn--mdling-wxa.at\/index.php?rest_route=\/wp\/v2\/pages\/79\/revisions"}],"predecessor-version":[{"id":81,"href":"http:\/\/xn--mdling-wxa.at\/index.php?rest_route=\/wp\/v2\/pages\/79\/revisions\/81"}],"up":[{"embeddable":true,"href":"http:\/\/xn--mdling-wxa.at\/index.php?rest_route=\/wp\/v2\/pages\/19"}],"wp:attachment":[{"href":"http:\/\/xn--mdling-wxa.at\/index.php?rest_route=%2Fwp%2Fv2%2Fmedia&parent=79"}],"curies":[{"name":"wp","href":"https:\/\/api.w.org\/{rel}","templated":true}]}}